{"id":94,"date":"2025-05-20T06:45:33","date_gmt":"2025-05-20T06:45:33","guid":{"rendered":"https:\/\/ddh.diamas.org\/docs\/?page_id=94"},"modified":"2025-06-24T09:09:48","modified_gmt":"2025-06-24T09:09:48","slug":"scope-and-coverage","status":"publish","type":"page","link":"https:\/\/ddh.edch.eu\/docs\/scope-and-coverage\/","title":{"rendered":"Scope and Coverage"},"content":{"rendered":"\n<p>Currently, the DDH includes only academic diamond open access journals; other publication types, such as series and books, are not yet covered. The geographical scope of the DDH spans 44 countries, including ERA (European Research Area), ERAC (European Research Area and Innovation Committee) observer and other countries associated with Horizon Europe<sup data-fn=\"31b43e0e-8da5-467b-a477-65ca793d704c\" class=\"fn\"><a href=\"#31b43e0e-8da5-467b-a477-65ca793d704c\" id=\"31b43e0e-8da5-467b-a477-65ca793d704c-link\">1<\/a><\/sup>: Albania, Armenia, Austria, Belgium, Bosnia and Herzegovina, Bulgaria, Croatia, Cyprus, Czechia, Denmark, Estonia, Finland and \u00c5land Islands, France, Georgia, Germany, Greece, Hungary, Iceland, Ireland, Israel, Italy, Latvia, Lithuania, Luxembourg, Malta, Moldova, Montenegro, Morocco, Netherlands, North Macedonia, Norway, Poland, Portugal, Romania, Serbia, Slovakia, Slovenia, Spain, Sweden, Switzerland, Tunisia, Turkey, Ukraine, United Kingdom.<\/p>\n\n\n<ol class=\"wp-block-footnotes\"><li id=\"31b43e0e-8da5-467b-a477-65ca793d704c\">\u00a0Bargheer, M., Bosman, J., Drahomira, C., Frantsv\u00e5g, J. E., Klaus, T., Kramer, B., Laakso, M., Manista, F., Melin\u0161\u010dak Zlodi, I., Peruginelli, G., Proudman, V., Rooryck, J., Souyioultzoglou, I., Stojanovski, J., Stone, G., &amp; Verheusen, A. (2023). D2.1 IPSP Scoping Report_approved by the EC. Zenodo. <a href=\"https:\/\/doi.org\/10.5281\/zenodo.10406373\">https:\/\/doi.org\/10.5281\/zenodo.10406373<\/a> <a href=\"#31b43e0e-8da5-467b-a477-65ca793d704c-link\" aria-label=\"Jump to footnote reference 1\">\u21a9\ufe0e<\/a><\/li><\/ol>","protected":false},"excerpt":{"rendered":"<p>Currently, the DDH includes only academic diamond open access journals; other publication types, such as series and books, are not yet covered. The geographical scope of the DDH spans 44 countries, including ERA (European Research Area), ERAC (European Research Area and Innovation Committee) observer and other countries associated with Horizon Europe: Albania, Armenia, Austria, Belgium, [&hellip;]<\/p>\n","protected":false},"author":1,"featured_media":0,"parent":0,"menu_order":0,"comment_status":"closed","ping_status":"closed","template":"","meta":{"footnotes":"[{\"content\":\"\u00a0Bargheer, M., Bosman, J., Drahomira, C., Frantsv\u00e5g, J. E., Klaus, T., Kramer, B., Laakso, M., Manista, F., Melin\u0161\u010dak Zlodi, I., Peruginelli, G., Proudman, V., Rooryck, J., Souyioultzoglou, I., Stojanovski, J., Stone, G., &amp; Verheusen, A. (2023). D2.1 IPSP Scoping Report_approved by the EC. Zenodo. <a href=\\\"https:\/\/doi.org\/10.5281\/zenodo.10406373\\\">https:\/\/doi.org\/10.5281\/zenodo.10406373<\/a>\",\"id\":\"31b43e0e-8da5-467b-a477-65ca793d704c\"}]"},"class_list":["post-94","page","type-page","status-publish","hentry"],"_links":{"self":[{"href":"https:\/\/ddh.edch.eu\/docs\/wp-json\/wp\/v2\/pages\/94","targetHints":{"allow":["GET"]}}],"collection":[{"href":"https:\/\/ddh.edch.eu\/docs\/wp-json\/wp\/v2\/pages"}],"about":[{"href":"https:\/\/ddh.edch.eu\/docs\/wp-json\/wp\/v2\/types\/page"}],"author":[{"embeddable":true,"href":"https:\/\/ddh.edch.eu\/docs\/wp-json\/wp\/v2\/users\/1"}],"replies":[{"embeddable":true,"href":"https:\/\/ddh.edch.eu\/docs\/wp-json\/wp\/v2\/comments?post=94"}],"version-history":[{"count":3,"href":"https:\/\/ddh.edch.eu\/docs\/wp-json\/wp\/v2\/pages\/94\/revisions"}],"predecessor-version":[{"id":185,"href":"https:\/\/ddh.edch.eu\/docs\/wp-json\/wp\/v2\/pages\/94\/revisions\/185"}],"wp:attachment":[{"href":"https:\/\/ddh.edch.eu\/docs\/wp-json\/wp\/v2\/media?parent=94"}],"curies":[{"name":"wp","href":"https:\/\/api.w.org\/{rel}","templated":true}]}}